{"id":337,"date":"2025-11-12T08:08:50","date_gmt":"2025-11-12T11:08:50","guid":{"rendered":"https:\/\/preconcursos.com\/site\/?page_id=337"},"modified":"2026-04-06T15:40:07","modified_gmt":"2026-04-06T18:40:07","slug":"cursos-ead","status":"publish","type":"page","link":"https:\/\/preconcursos.com\/site\/cursos-ead\/","title":{"rendered":"Cursos EAD"},"content":{"rendered":"\n<p class=\"has-text-color has-background has-link-color wp-elements-f458638241a86344239b98eda988efbf\" style=\"color:#ffffff;background-color:#023252\"><strong>Cursos EAD<\/strong><\/p>\n\n\n<div  class=\"ultp-post-grid-block wp-block-ultimate-post-post-grid-2 ultp-block-c5de06\"><div class=\"ultp-block-wrapper\"><div class=\"ultp-loading\"><div class=\"ultp-loading-blocks\" style=\"width:100%;height:100%;\"><div style=\"left: 0;top: 0;animation-delay:0s;\"><\/div><div style=\"left: 21px;top: 0;animation-delay:0.125s;\"><\/div><div style=\"left: 42px;top: 0;animation-delay:0.25s;\"><\/div><div style=\"left: 0;top: 21px;animation-delay:0.875s;\"><\/div><div style=\"left: 42px;top: 21px;animation-delay:0.375s;\"><\/div><div style=\"left: 0;top: 42px;animation-delay:0.75s;\"><\/div><div style=\"left: 42px;top: 42px;animation-delay:0.625s;\"><\/div><div style=\"left: 21px;top: 42px;animation-delay:0.5s;\"><\/div><\/div><\/div><div class=\"ultp-block-items-wrap ultp-block-row\"><div class=\"ultp-block-item post-id-192\"><div class=\"ultp-block-content-wrap ultp-block-content-overlay\"><div class=\"ultp-block-image ultp-block-image-zoomOut ultp-block-image-overlay ultp-block-image-simgleGradient\"><a href=\"https:\/\/preconcursos.com\/site\/eja-educacao-de-jovens-e-adultos\/\" ><img decoding=\"async\"  alt=\"EJA &#8211; Educa\u00e7\u00e3o de Jovens e Adultos EAD a partir de 3 meses\"  src=\"https:\/\/preconcursos.com\/site\/wp-content\/uploads\/2025\/10\/young-adults-meeting-up-study-600x570.jpg\" \/><\/a><\/div><div class=\"ultp-block-content ultp-block-content-bottomPosition\"><div class=\"ultp-block-content-inner\"><h3 class=\"ultp-block-title \"><a href=\"https:\/\/preconcursos.com\/site\/eja-educacao-de-jovens-e-adultos\/\" >EJA &#8211; Educa\u00e7\u00e3o de Jovens e Adultos EAD a partir de 3 meses<\/a><\/h3><\/div><\/div><\/div><\/div><div class=\"ultp-block-item post-id-207\"><div class=\"ultp-block-content-wrap ultp-block-content-overlay\"><div class=\"ultp-block-image ultp-block-image-zoomOut ultp-block-image-overlay ultp-block-image-simgleGradient\"><a href=\"https:\/\/preconcursos.com\/site\/cursos-tecnicos\/\" ><img decoding=\"async\"  alt=\"Cursos T\u00e9cnicos EAD com Reconhecimento Nacional\"  src=\"https:\/\/preconcursos.com\/site\/wp-content\/uploads\/2025\/11\/estudanteead2-600x570.jpg\" \/><\/a><\/div><div class=\"ultp-block-content ultp-block-content-bottomPosition\"><div class=\"ultp-block-content-inner\"><h3 class=\"ultp-block-title \"><a href=\"https:\/\/preconcursos.com\/site\/cursos-tecnicos\/\" >Cursos T\u00e9cnicos EAD com Reconhecimento Nacional<\/a><\/h3><\/div><\/div><\/div><\/div><div class=\"ultp-block-item post-id-411\"><div class=\"ultp-block-content-wrap ultp-block-content-overlay\"><div class=\"ultp-block-image ultp-block-image-zoomOut ultp-block-image-overlay ultp-block-image-simgleGradient\"><a href=\"https:\/\/preconcursos.com\/site\/cursos-pos-tecnicos\/\" ><img decoding=\"async\"  alt=\"Cursos P\u00f3s T\u00e9cnicos\"  src=\"https:\/\/preconcursos.com\/site\/wp-content\/uploads\/2025\/12\/estudante.jpg\" \/><\/a><\/div><div class=\"ultp-block-content ultp-block-content-bottomPosition\"><div class=\"ultp-block-content-inner\"><h3 class=\"ultp-block-title \"><a href=\"https:\/\/preconcursos.com\/site\/cursos-pos-tecnicos\/\" >Cursos P\u00f3s T\u00e9cnicos<\/a><\/h3><\/div><\/div><\/div><\/div><div class=\"ultp-block-item post-id-215\"><div class=\"ultp-block-content-wrap ultp-block-content-overlay\"><div class=\"ultp-block-image ultp-block-image-zoomOut ultp-block-image-overlay ultp-block-image-simgleGradient\"><a href=\"https:\/\/preconcursos.com\/site\/certificacao-por-competencia\/\" ><img decoding=\"async\"  alt=\"Certifica\u00e7\u00e3o por compet\u00eancia\"  src=\"https:\/\/preconcursos.com\/site\/wp-content\/uploads\/2025\/11\/profissionais-600x570.jpg\" \/><\/a><\/div><div class=\"ultp-block-content ultp-block-content-bottomPosition\"><div class=\"ultp-block-content-inner\"><h3 class=\"ultp-block-title \"><a href=\"https:\/\/preconcursos.com\/site\/certificacao-por-competencia\/\" >Certifica\u00e7\u00e3o por compet\u00eancia<\/a><\/h3><\/div><\/div><\/div><\/div><div class=\"ultp-block-item post-id-395\"><div class=\"ultp-block-content-wrap ultp-block-content-overlay\"><div class=\"ultp-block-image ultp-block-image-zoomOut ultp-block-image-overlay ultp-block-image-simgleGradient\"><a href=\"https:\/\/preconcursos.com\/site\/curso-superior-sequencial\/\" ><img decoding=\"async\"  alt=\"Curso Superior Sequencial\"  src=\"https:\/\/preconcursos.com\/site\/wp-content\/uploads\/2025\/12\/sequencial-792x570.jpg\" \/><\/a><\/div><div class=\"ultp-block-content ultp-block-content-bottomPosition\"><div class=\"ultp-block-content-inner\"><h3 class=\"ultp-block-title \"><a href=\"https:\/\/preconcursos.com\/site\/curso-superior-sequencial\/\" >Curso Superior Sequencial<\/a><\/h3><\/div><\/div><\/div><\/div><div class=\"ultp-block-item post-id-254\"><div class=\"ultp-block-content-wrap ultp-block-content-overlay\"><div class=\"ultp-block-image ultp-block-image-zoomOut ultp-block-image-overlay ultp-block-image-simgleGradient\"><a href=\"https:\/\/preconcursos.com\/site\/cursos-acelerados-tecnologos-1-ano\/\" ><img decoding=\"async\"  alt=\"Cursos Superiores Tecn\u00f3logos\"  src=\"https:\/\/preconcursos.com\/site\/wp-content\/uploads\/2025\/11\/tecnologos-600x570.jpg\" \/><\/a><\/div><div class=\"ultp-block-content ultp-block-content-bottomPosition\"><div class=\"ultp-block-content-inner\"><h3 class=\"ultp-block-title \"><a href=\"https:\/\/preconcursos.com\/site\/cursos-acelerados-tecnologos-1-ano\/\" >Cursos Superiores Tecn\u00f3logos<\/a><\/h3><\/div><\/div><\/div><\/div><div class=\"ultp-block-item post-id-463\"><div class=\"ultp-block-content-wrap ultp-block-content-overlay\"><div class=\"ultp-block-image ultp-block-image-zoomOut ultp-block-image-overlay ultp-block-image-simgleGradient\"><a href=\"https:\/\/preconcursos.com\/site\/licenciaturas-ou-bacharelados\/\" ><img decoding=\"async\"  alt=\"Licenciaturas ou Bacharelados\"  src=\"https:\/\/preconcursos.com\/site\/wp-content\/uploads\/2025\/11\/superiores-600x570.jpg\" \/><\/a><\/div><div class=\"ultp-block-content ultp-block-content-bottomPosition\"><div class=\"ultp-block-content-inner\"><h3 class=\"ultp-block-title \"><a href=\"https:\/\/preconcursos.com\/site\/licenciaturas-ou-bacharelados\/\" >Licenciaturas ou Bacharelados<\/a><\/h3><\/div><\/div><\/div><\/div><div class=\"ultp-block-item post-id-416\"><div class=\"ultp-block-content-wrap ultp-block-content-overlay\"><div class=\"ultp-block-image ultp-block-image-zoomOut ultp-block-image-overlay ultp-block-image-simgleGradient\"><a href=\"https:\/\/preconcursos.com\/site\/segunda-licenciatura\/\" ><img decoding=\"async\"  alt=\"Segunda Licenciatura\"  src=\"https:\/\/preconcursos.com\/site\/wp-content\/uploads\/2025\/12\/medium-shot-woman-working-laptop.jpg\" \/><\/a><\/div><div class=\"ultp-block-content ultp-block-content-bottomPosition\"><div class=\"ultp-block-content-inner\"><h3 class=\"ultp-block-title \"><a href=\"https:\/\/preconcursos.com\/site\/segunda-licenciatura\/\" >Segunda Licenciatura<\/a><\/h3><\/div><\/div><\/div><\/div><div class=\"ultp-block-item post-id-419\"><div class=\"ultp-block-content-wrap ultp-block-content-overlay\"><div class=\"ultp-block-image ultp-block-image-zoomOut ultp-block-image-overlay ultp-block-image-simgleGradient\"><a href=\"https:\/\/preconcursos.com\/site\/formacao-pedagogica\/\" ><img decoding=\"async\"  alt=\"Forma\u00e7\u00e3o Pedag\u00f3gica\"  src=\"https:\/\/preconcursos.com\/site\/wp-content\/uploads\/2025\/12\/estudando.jpg\" \/><\/a><\/div><div class=\"ultp-block-content ultp-block-content-bottomPosition\"><div class=\"ultp-block-content-inner\"><h3 class=\"ultp-block-title \"><a href=\"https:\/\/preconcursos.com\/site\/formacao-pedagogica\/\" >Forma\u00e7\u00e3o Pedag\u00f3gica<\/a><\/h3><\/div><\/div><\/div><\/div><div class=\"ultp-block-item post-id-422\"><div class=\"ultp-block-content-wrap ultp-block-content-overlay\"><div class=\"ultp-block-image ultp-block-image-zoomOut ultp-block-image-overlay ultp-block-image-simgleGradient\"><a href=\"https:\/\/preconcursos.com\/site\/segunda-graduacao\/\" ><img decoding=\"async\"  alt=\"Segunda Gradua\u00e7\u00e3o\"  src=\"https:\/\/preconcursos.com\/site\/wp-content\/uploads\/2025\/12\/graduacao.jpg\" \/><\/a><\/div><div class=\"ultp-block-content ultp-block-content-bottomPosition\"><div class=\"ultp-block-content-inner\"><h3 class=\"ultp-block-title \"><a href=\"https:\/\/preconcursos.com\/site\/segunda-graduacao\/\" >Segunda Gradua\u00e7\u00e3o<\/a><\/h3><\/div><\/div><\/div><\/div><div class=\"ultp-block-item post-id-392\"><div class=\"ultp-block-content-wrap ultp-block-content-overlay\"><div class=\"ultp-block-image ultp-block-image-zoomOut ultp-block-image-overlay ultp-block-image-simgleGradient\"><a href=\"https:\/\/preconcursos.com\/site\/pos-graduacao\/\" ><img decoding=\"async\"  alt=\"P\u00f3s Gradua\u00e7\u00e3o\"  src=\"https:\/\/preconcursos.com\/site\/wp-content\/uploads\/2025\/12\/posgraduacao-792x570.jpg\" \/><\/a><\/div><div class=\"ultp-block-content ultp-block-content-bottomPosition\"><div class=\"ultp-block-content-inner\"><h3 class=\"ultp-block-title \"><a href=\"https:\/\/preconcursos.com\/site\/pos-graduacao\/\" >P\u00f3s Gradua\u00e7\u00e3o<\/a><\/h3><\/div><\/div><\/div><\/div><div class=\"ultp-block-item post-id-534\"><div class=\"ultp-block-content-wrap ultp-block-content-overlay\"><div class=\"ultp-block-image ultp-block-image-zoomOut ultp-block-image-overlay ultp-block-image-simgleGradient\"><a href=\"https:\/\/preconcursos.com\/site\/cursos-profissionalizantes-especiais\/\" ><img decoding=\"async\"  alt=\"Cursos Profissionalizantes Especiais\"  src=\"https:\/\/preconcursos.com\/site\/wp-content\/uploads\/2026\/04\/young-smiling-man-headphones-typing-laptop-keyboard.jpg\" \/><\/a><\/div><div class=\"ultp-block-content ultp-block-content-bottomPosition\"><div class=\"ultp-block-content-inner\"><h3 class=\"ultp-block-title \"><a href=\"https:\/\/preconcursos.com\/site\/cursos-profissionalizantes-especiais\/\" >Cursos Profissionalizantes Especiais<\/a><\/h3><\/div><\/div><\/div><\/div><\/div><\/div><div class=\"pagination-block-html\" aria-hidden=\"true\" style=\"display: none;\"><\/div><\/div>","protected":false},"excerpt":{"rendered":"<p>Cursos EAD<\/p>\n","protected":false},"author":1,"featured_media":0,"parent":0,"menu_order":0,"comment_status":"closed","ping_status":"closed","template":"","meta":{"_acf_changed":false,"_joinchat":[],"footnotes":""},"class_list":["post-337","page","type-page","status-publish","hentry"],"acf":[],"_links":{"self":[{"href":"https:\/\/preconcursos.com\/site\/wp-json\/wp\/v2\/pages\/337","targetHints":{"allow":["GET"]}}],"collection":[{"href":"https:\/\/preconcursos.com\/site\/wp-json\/wp\/v2\/pages"}],"about":[{"href":"https:\/\/preconcursos.com\/site\/wp-json\/wp\/v2\/types\/page"}],"author":[{"embeddable":true,"href":"https:\/\/preconcursos.com\/site\/wp-json\/wp\/v2\/users\/1"}],"replies":[{"embeddable":true,"href":"https:\/\/preconcursos.com\/site\/wp-json\/wp\/v2\/comments?post=337"}],"version-history":[{"count":10,"href":"https:\/\/preconcursos.com\/site\/wp-json\/wp\/v2\/pages\/337\/revisions"}],"predecessor-version":[{"id":555,"href":"https:\/\/preconcursos.com\/site\/wp-json\/wp\/v2\/pages\/337\/revisions\/555"}],"wp:attachment":[{"href":"https:\/\/preconcursos.com\/site\/wp-json\/wp\/v2\/media?parent=337"}],"curies":[{"name":"wp","href":"https:\/\/api.w.org\/{rel}","templated":true}]}}