{"id":317,"date":"2025-11-12T07:39:44","date_gmt":"2025-11-12T10:39:44","guid":{"rendered":"https:\/\/preconcursos.com\/site\/?page_id=317"},"modified":"2025-11-12T07:39:45","modified_gmt":"2025-11-12T10:39:45","slug":"sobre-nos","status":"publish","type":"page","link":"https:\/\/preconcursos.com\/site\/sobre-nos\/","title":{"rendered":"Sobre n\u00f3s"},"content":{"rendered":"\n<h2 class=\"wp-block-heading\">\ud83d\udca1 UMA HIST\u00d3RIA DE SONHO, DEDICA\u00c7\u00c3O E TRANSFORMA\u00c7\u00c3O<\/h2>\n\n\n\n<p>Em 1998, dois irm\u00e3os empreendedores decidiram transformar um ideal em realidade. Movidos pelo desejo genu\u00edno de ajudar pessoas a conquistarem a t\u00e3o sonhada estabilidade profissional por meio do concurso p\u00fablico, eles fundaram o <strong>PR\u00c9 \u2013 CONCURSOS<\/strong>, um curso preparat\u00f3rio que logo se tornaria refer\u00eancia em toda a regi\u00e3o.<\/p>\n\n\n\n<p>O que come\u00e7ou como um sonho, rapidamente se consolidou gra\u00e7as \u00e0 uni\u00e3o de uma equipe de <strong>professores renomados<\/strong> e uma estrutura pedag\u00f3gica s\u00f3lida, moderna e eficaz. Com foco na excel\u00eancia e no compromisso com o sucesso dos alunos, o curso aprovou milhares de candidatos nos concursos mais disputados do pa\u00eds, como:<\/p>\n\n\n\n<ul class=\"wp-block-list\">\n<li><strong>Tribunais<\/strong> (TRTs, TRFs, TJs)<\/li>\n\n\n\n<li><strong>Prefeituras<\/strong> e C\u00e2maras Municipais<\/li>\n\n\n\n<li><strong>Pol\u00edcia Militar, Pol\u00edcia Civil e Penal<\/strong> de v\u00e1rios estados<\/li>\n\n\n\n<li><strong>Pol\u00edcia Rodovi\u00e1ria Federal<\/strong><\/li>\n\n\n\n<li><strong>Pol\u00edcia Federal<\/strong><\/li>\n\n\n\n<li><strong>\u00c1rea Banc\u00e1ria<\/strong><\/li>\n\n\n\n<li><strong>Correios<\/strong><\/li>\n\n\n\n<li><strong>Minist\u00e9rio P\u00fablico<\/strong> e MPU<\/li>\n\n\n\n<li><strong>PETROBRAS<\/strong><\/li>\n\n\n\n<li>E muitos outros \u00f3rg\u00e3os de grande relev\u00e2ncia<\/li>\n<\/ul>\n\n\n\n<hr class=\"wp-block-separator has-alpha-channel-opacity\"\/>\n\n\n\n<h3 class=\"wp-block-heading\"><strong>\ud83d\udcda EDUCA\u00c7\u00c3O QUE TRANSFORMA VIDAS<\/strong><\/h3>\n\n\n\n<p>Ao longo de d\u00e9cadas, constru\u00edmos uma reputa\u00e7\u00e3o baseada em resultados, \u00e9tica e paix\u00e3o pelo ensino. E, acompanhando as transforma\u00e7\u00f5es do mundo moderno, expandimos nossa atua\u00e7\u00e3o para o <strong>ensino a dist\u00e2ncia (EAD)<\/strong>, oferecendo:<\/p>\n\n\n\n<ul class=\"wp-block-list\">\n<li>Educa\u00e7\u00e3o de Jovens e Adultos (EJA)<\/li>\n\n\n\n<li>Gradua\u00e7\u00f5es em diversas \u00e1reas, inclusive com a op\u00e7\u00e3o de forma\u00e7\u00e3o acelerada<\/li>\n\n\n\n<li>Cursos T\u00e9cnicos<\/li>\n\n\n\n<li>Certifica\u00e7\u00e3o por Compet\u00eancia<\/li>\n\n\n\n<li>Superior Sequencial<\/li>\n\n\n\n<li>P\u00f3s \u2013 T\u00e9cnicos<\/li>\n\n\n\n<li>P\u00f3s-gradua\u00e7\u00f5es<\/li>\n\n\n\n<li>Entre outros<\/li>\n<\/ul>\n\n\n\n<p>Tudo isso com <strong>parcerias estrat\u00e9gicas com grandes institui\u00e7\u00f5es de ensino<\/strong> reconhecidas em todo o Brasil, que agregam ainda mais credibilidade, expertise e inova\u00e7\u00e3o aos nossos cursos. Essa uni\u00e3o fortalece nossa miss\u00e3o de oferecer uma forma\u00e7\u00e3o de excel\u00eancia, com diplomas v\u00e1lidos e respeitados em todo o territ\u00f3rio nacional.<\/p>\n\n\n\n<hr class=\"wp-block-separator has-alpha-channel-opacity\"\/>\n\n\n\n<h3 class=\"wp-block-heading\"><strong>\ud83e\udd1d CONSULTORIAS ESTRAT\u00c9GICAS<\/strong><\/h3>\n\n\n\n<p>Al\u00e9m da educa\u00e7\u00e3o formal, tamb\u00e9m atuamos com <strong>consultorias educacionais e institucionais<\/strong>, oferecendo suporte t\u00e9cnico e estrat\u00e9gico para escolas, empresas e \u00f3rg\u00e3os p\u00fablicos. Desenvolvemos solu\u00e7\u00f5es personalizadas em gest\u00e3o pedag\u00f3gica, capacita\u00e7\u00e3o profissional, planejamento educacional e muito mais \u2014 sempre com foco em resultados e inova\u00e7\u00e3o.<\/p>\n\n\n\n<hr class=\"wp-block-separator has-alpha-channel-opacity\"\/>\n\n\n\n<h3 class=\"wp-block-heading\"><strong>\ud83d\udd2d VIS\u00c3O DE FUTURO: EVOLUIR SEMPRE<\/strong><\/h3>\n\n\n\n<p>Nossa miss\u00e3o vai al\u00e9m da aprova\u00e7\u00e3o. Queremos formar cidad\u00e3os preparados para os desafios do mercado e da vida. Por isso, nossa vis\u00e3o de futuro est\u00e1 em constante evolu\u00e7\u00e3o: investimos em tecnologia, inova\u00e7\u00e3o pedag\u00f3gica, acessibilidade e novos formatos de ensino para continuar sendo <strong>refer\u00eancia em educa\u00e7\u00e3o de qualidade<\/strong>.<\/p>\n\n\n\n<hr class=\"wp-block-separator has-alpha-channel-opacity\"\/>\n\n\n\n<h3 class=\"wp-block-heading\"><strong>\u2705 VENHA COM A GENTE!<\/strong><\/h3>\n\n\n\n<p>Se voc\u00ea tamb\u00e9m acredita no poder da educa\u00e7\u00e3o para transformar vidas, junte-se a n\u00f3s nessa jornada.<\/p>\n\n\n\n<p>Seja para conquistar sua vaga no servi\u00e7o p\u00fablico, iniciar uma nova carreira, desenvolver sua institui\u00e7\u00e3o ou continuar se aprimorando \u2014 <strong>aqui \u00e9 o seu lugar.<\/strong><\/p>\n\n\n\n<p>Vamos juntos transformar sonhos em conquistas reais.<\/p>\n\n\n\n<p><strong>O pr\u00f3ximo cap\u00edtulo dessa hist\u00f3ria pode ser escrito por voc\u00ea.<\/strong><\/p>\n","protected":false},"excerpt":{"rendered":"<p>\ud83d\udca1 UMA HIST\u00d3RIA DE SONHO, DEDICA\u00c7\u00c3O E TRANSFORMA\u00c7\u00c3O Em 1998, dois irm\u00e3os empreendedores decidiram transformar um ideal em realidade. Movidos pelo desejo genu\u00edno de ajudar pessoas a conquistarem a t\u00e3o sonhada estabilidade profissional por meio do concurso p\u00fablico, eles fundaram o PR\u00c9 \u2013 CONCURSOS, um curso preparat\u00f3rio que logo se tornaria refer\u00eancia em toda a [&hellip;]<\/p>\n","protected":false},"author":1,"featured_media":0,"parent":0,"menu_order":0,"comment_status":"closed","ping_status":"closed","template":"","meta":{"_acf_changed":false,"_joinchat":[],"footnotes":""},"class_list":["post-317","page","type-page","status-publish","hentry"],"acf":[],"_links":{"self":[{"href":"https:\/\/preconcursos.com\/site\/wp-json\/wp\/v2\/pages\/317","targetHints":{"allow":["GET"]}}],"collection":[{"href":"https:\/\/preconcursos.com\/site\/wp-json\/wp\/v2\/pages"}],"about":[{"href":"https:\/\/preconcursos.com\/site\/wp-json\/wp\/v2\/types\/page"}],"author":[{"embeddable":true,"href":"https:\/\/preconcursos.com\/site\/wp-json\/wp\/v2\/users\/1"}],"replies":[{"embeddable":true,"href":"https:\/\/preconcursos.com\/site\/wp-json\/wp\/v2\/comments?post=317"}],"version-history":[{"count":1,"href":"https:\/\/preconcursos.com\/site\/wp-json\/wp\/v2\/pages\/317\/revisions"}],"predecessor-version":[{"id":318,"href":"https:\/\/preconcursos.com\/site\/wp-json\/wp\/v2\/pages\/317\/revisions\/318"}],"wp:attachment":[{"href":"https:\/\/preconcursos.com\/site\/wp-json\/wp\/v2\/media?parent=317"}],"curies":[{"name":"wp","href":"https:\/\/api.w.org\/{rel}","templated":true}]}}